{"id":957,"date":"2023-01-04T15:09:41","date_gmt":"2023-01-04T15:09:41","guid":{"rendered":"https:\/\/swedishcoursesonline.se\/?page_id=957"},"modified":"2024-01-24T19:27:06","modified_gmt":"2024-01-24T18:27:06","slug":"contact","status":"publish","type":"page","link":"https:\/\/swedishcoursesonline.se\/sv\/kontakt\/","title":{"rendered":"Kontakta oss!"},"content":{"rendered":"\n<p><strong>Phone number:<\/strong><\/p>\n\n\n\n<p>+36 20 231 8780<\/p>\n\n\n\n<p>+36 20 340 4411<\/p>\n\n\n\n<p><strong>E-mail address:<\/strong><\/p>\n\n\n\n<p>mail@interlanguage.info<\/p>\n\n\n\n<p><\/p>\n\n\n\n<h4 class=\"wp-block-heading\">Please complete the following contact form and get in contact with us!<\/h4>\n\n\n<div class=\"wpforms-container wpforms-container-full wpforms-block wpforms-block-540f05b5-186b-4f16-8d7c-e4584cef3645\" id=\"wpforms-646\"><form id=\"wpforms-form-646\" class=\"wpforms-validate wpforms-form wpforms-ajax-form\" data-formid=\"646\" method=\"post\" enctype=\"multipart\/form-data\" action=\"\/sv\/wp-json\/wp\/v2\/pages\/957\" data-token=\"4fc7c71407993dcd4cb855d371737f35\" data-token-time=\"1778511235\"><noscript class=\"wpforms-error-noscript\">Aktivera JavaScript i din webbl\u00e4sare f\u00f6r att fylla i formul\u00e4ret.<\/noscript><div class=\"wpforms-field-container\"><div id=\"wpforms-646-field_1-container\" class=\"wpforms-field wpforms-field-name\" data-field-id=\"1\"><label class=\"wpforms-field-label\">Name <span class=\"wpforms-required-label\">*<\/span><\/label><div class=\"wpforms-field-row wpforms-field-medium\"><div class=\"wpforms-field-row-block wpforms-first wpforms-one-half\"><input type=\"text\" id=\"wpforms-646-field_1\" class=\"wpforms-field-name-first wpforms-field-required\" name=\"wpforms[fields][1][first]\" required><label for=\"wpforms-646-field_1\" class=\"wpforms-field-sublabel after\">F\u00f6rst<\/label><\/div><div class=\"wpforms-field-row-block wpforms-one-half\"><input type=\"text\" id=\"wpforms-646-field_1-last\" class=\"wpforms-field-name-last wpforms-field-required\" name=\"wpforms[fields][1][last]\" required><label for=\"wpforms-646-field_1-last\" class=\"wpforms-field-sublabel after\">Sist<\/label><\/div><\/div><\/div><div id=\"wpforms-646-field_6-container\" class=\"wpforms-field wpforms-field-text\" data-field-id=\"6\"><label class=\"wpforms-field-label\" for=\"wpforms-646-field_6\">Phone number <span class=\"wpforms-required-label\">*<\/span><\/label><input type=\"text\" id=\"wpforms-646-field_6\" class=\"wpforms-field-medium wpforms-field-required\" name=\"wpforms[fields][6]\" required><\/div><div id=\"wpforms-646-field_2-container\" class=\"wpforms-field wpforms-field-email\" data-field-id=\"2\"><label class=\"wpforms-field-label\" for=\"wpforms-646-field_2\">Email <span class=\"wpforms-required-label\">*<\/span><\/label><input type=\"email\" id=\"wpforms-646-field_2\" class=\"wpforms-field-medium wpforms-field-required\" name=\"wpforms[fields][2]\" spellcheck=\"false\" required><\/div><div id=\"wpforms-646-field_4-container\" class=\"wpforms-field wpforms-field-select wpforms-field-select-style-classic\" data-field-id=\"4\"><label class=\"wpforms-field-label\" for=\"wpforms-646-field_4\">What is the level of your proficiency of Swedish? (Please, choose the option that you think best describes the level of your language skills) <span class=\"wpforms-required-label\">*<\/span><\/label><select id=\"wpforms-646-field_4\" class=\"wpforms-field-medium wpforms-field-required\" name=\"wpforms[fields][4]\" required=\"required\"><option value=\"absolute beginner\"  class=\"choice-1 depth-1\"  >absolute beginner<\/option><option value=\"refresher\"  class=\"choice-2 depth-1\"  >refresher<\/option><option value=\"beginner level A1\"  class=\"choice-3 depth-1\"  >beginner level A1<\/option><option value=\"elementary level A2\"  selected='selected' class=\"choice-4 depth-1\"  >elementary level A2<\/option><option value=\"pre-intermediate B1\"  class=\"choice-6 depth-1\"  >pre-intermediate B1<\/option><option value=\"intermediate B2\"  class=\"choice-5 depth-1\"  >intermediate B2<\/option><option value=\"upper-intermediate C1\"  class=\"choice-7 depth-1\"  >upper-intermediate C1<\/option><\/select><\/div><div id=\"wpforms-646-field_3-container\" class=\"wpforms-field wpforms-field-text\" data-field-id=\"3\"><label class=\"wpforms-field-label\" for=\"wpforms-646-field_3\">What are your language learning goals? <span class=\"wpforms-required-label\">*<\/span><\/label><input type=\"text\" id=\"wpforms-646-field_3\" class=\"wpforms-field-medium wpforms-field-required\" name=\"wpforms[fields][3]\" required><\/div><div id=\"wpforms-646-field_5-container\" class=\"wpforms-field wpforms-field-select wpforms-field-select-style-classic\" data-field-id=\"5\"><label class=\"wpforms-field-label\" for=\"wpforms-646-field_5\">Format of the language course <span class=\"wpforms-required-label\">*<\/span><\/label><select id=\"wpforms-646-field_5\" class=\"wpforms-field-medium wpforms-field-required\" name=\"wpforms[fields][5]\" required=\"required\"><option value=\"individual\"  class=\"choice-1 depth-1\"  >individual<\/option><option value=\"small group\"  class=\"choice-2 depth-1\"  >small group<\/option><\/select><\/div><div id=\"wpforms-646-field_7-container\" class=\"wpforms-field wpforms-field-select wpforms-field-select-style-classic\" data-field-id=\"7\"><label class=\"wpforms-field-label\" for=\"wpforms-646-field_7\">If small group, please provide the optimal size of the group:<\/label><select id=\"wpforms-646-field_7\" class=\"wpforms-field-medium\" name=\"wpforms[fields][7]\"><option value=\"2 people\"  class=\"choice-1 depth-1\"  >2 people<\/option><option value=\"3 people\"  class=\"choice-2 depth-1\"  >3 people<\/option><option value=\"4 people\"  class=\"choice-3 depth-1\"  >4 people<\/option><\/select><\/div><div id=\"wpforms-646-field_9-container\" class=\"wpforms-field wpforms-field-text\" data-field-id=\"9\"><label class=\"wpforms-field-label\" for=\"wpforms-646-field_9\">When would you like to start the course? <span class=\"wpforms-required-label\">*<\/span><\/label><input type=\"text\" id=\"wpforms-646-field_9\" class=\"wpforms-field-medium wpforms-field-required\" name=\"wpforms[fields][9]\" required><\/div><div id=\"wpforms-646-field_8-container\" class=\"wpforms-field wpforms-field-select wpforms-field-select-style-classic\" data-field-id=\"8\"><label class=\"wpforms-field-label\" for=\"wpforms-646-field_8\">How many lessons would you like to have each week? <span class=\"wpforms-required-label\">*<\/span><\/label><select id=\"wpforms-646-field_8\" class=\"wpforms-field-medium wpforms-field-required\" name=\"wpforms[fields][8]\" required=\"required\"><option value=\"2 lessons\"  class=\"choice-1 depth-1\"  >2 lessons<\/option><option value=\"4 lessons\"  class=\"choice-2 depth-1\"  >4 lessons<\/option><option value=\"6 lessons\"  class=\"choice-3 depth-1\"  >6 lessons<\/option><option value=\"10 lessons\"  class=\"choice-5 depth-1\"  >10 lessons<\/option><option value=\"12 lessons\"  class=\"choice-4 depth-1\"  >12 lessons<\/option><option value=\"15 lessons\"  class=\"choice-6 depth-1\"  >15 lessons<\/option><option value=\"20 lessons\"  class=\"choice-7 depth-1\"  >20 lessons<\/option><option value=\"25 lessons\"  class=\"choice-8 depth-1\"  >25 lessons<\/option><\/select><\/div><div id=\"wpforms-646-field_10-container\" class=\"wpforms-field wpforms-field-text\" data-field-id=\"10\"><label class=\"wpforms-field-label\" for=\"wpforms-646-field_10\">Which days and time intervals would be suitable for you to take your lessons? <span class=\"wpforms-required-label\">*<\/span><\/label><input type=\"text\" id=\"wpforms-646-field_10\" class=\"wpforms-field-medium wpforms-field-required\" name=\"wpforms[fields][10]\" required><\/div><div id=\"wpforms-646-field_11-container\" class=\"wpforms-field wpforms-field-select wpforms-field-select-style-classic\" data-field-id=\"11\"><label class=\"wpforms-field-label\" for=\"wpforms-646-field_11\">Would you like to learn the language for professional purposes? If yes, which professional terminology are you interested in?<\/label><select id=\"wpforms-646-field_11\" class=\"wpforms-field-medium\" name=\"wpforms[fields][11]\"><option value=\"Medical Language for Healthcare Professionals\"  class=\"choice-1 depth-1\"  >Medical Language for Healthcare Professionals<\/option><option value=\"Business Language\"  class=\"choice-2 depth-1\"  >Business Language<\/option><option value=\"Other (please specify below)\"  class=\"choice-4 depth-1\"  >Other (please specify below)<\/option><option value=\"No\"  class=\"choice-6 depth-1\"  >No<\/option><\/select><\/div><div id=\"wpforms-646-field_12-container\" class=\"wpforms-field wpforms-field-text\" data-field-id=\"12\"><label class=\"wpforms-field-label\" for=\"wpforms-646-field_12\">Other<\/label><input type=\"text\" id=\"wpforms-646-field_12\" class=\"wpforms-field-medium\" name=\"wpforms[fields][12]\" ><\/div><\/div><!-- .wpforms-field-container --><div class=\"wpforms-submit-container\" ><input type=\"hidden\" name=\"wpforms[id]\" value=\"646\"><input type=\"hidden\" name=\"page_title\" value=\"\"><input type=\"hidden\" name=\"page_url\" value=\"https:\/\/swedishcoursesonline.se\/sv\/wp-json\/wp\/v2\/pages\/957\"><input type=\"hidden\" name=\"url_referer\" value=\"\"><button type=\"submit\" name=\"wpforms[submit]\" id=\"wpforms-submit-646\" class=\"wpforms-submit\" data-alt-text=\"Sending...\" data-submit-text=\"Submit\" aria-live=\"assertive\" value=\"wpforms-submit\">Submit<\/button><img loading=\"lazy\" decoding=\"async\" src=\"https:\/\/swedishcoursesonline.se\/wp-content\/plugins\/wpforms-lite\/assets\/images\/submit-spin.svg\" class=\"wpforms-submit-spinner\" style=\"display: none;\" width=\"26\" height=\"26\" alt=\"Laddar\"><\/div><\/form><\/div>  <!-- .wpforms-container -->","protected":false},"excerpt":{"rendered":"<p>Phone number: +36 20 231 8780 +36 20 340 4411 E-mail address: mail@interlanguage.info Please complete the following contact form and get in contact with us!<\/p>","protected":false},"author":1,"featured_media":0,"parent":0,"menu_order":0,"comment_status":"closed","ping_status":"closed","template":"","meta":{"_monsterinsights_skip_tracking":false,"_monsterinsights_sitenote_active":false,"_monsterinsights_sitenote_note":"","_monsterinsights_sitenote_category":0,"footnotes":"","_links_to":"","_links_to_target":""},"class_list":["post-957","page","type-page","status-publish","hentry","latest_post"],"_links":{"self":[{"href":"https:\/\/swedishcoursesonline.se\/sv\/wp-json\/wp\/v2\/pages\/957","targetHints":{"allow":["GET"]}}],"collection":[{"href":"https:\/\/swedishcoursesonline.se\/sv\/wp-json\/wp\/v2\/pages"}],"about":[{"href":"https:\/\/swedishcoursesonline.se\/sv\/wp-json\/wp\/v2\/types\/page"}],"author":[{"embeddable":true,"href":"https:\/\/swedishcoursesonline.se\/sv\/wp-json\/wp\/v2\/users\/1"}],"replies":[{"embeddable":true,"href":"https:\/\/swedishcoursesonline.se\/sv\/wp-json\/wp\/v2\/comments?post=957"}],"version-history":[{"count":14,"href":"https:\/\/swedishcoursesonline.se\/sv\/wp-json\/wp\/v2\/pages\/957\/revisions"}],"predecessor-version":[{"id":1325,"href":"https:\/\/swedishcoursesonline.se\/sv\/wp-json\/wp\/v2\/pages\/957\/revisions\/1325"}],"wp:attachment":[{"href":"https:\/\/swedishcoursesonline.se\/sv\/wp-json\/wp\/v2\/media?parent=957"}],"curies":[{"name":"wp","href":"https:\/\/api.w.org\/{rel}","templated":true}]}}