{"id":834,"date":"2022-11-20T15:00:20","date_gmt":"2022-11-20T15:00:20","guid":{"rendered":"https:\/\/swedishcoursesonline.se\/?page_id=834"},"modified":"2026-01-19T09:40:16","modified_gmt":"2026-01-19T08:40:16","slug":"about-us","status":"publish","type":"page","link":"https:\/\/swedishcoursesonline.se\/sv\/om-oss\/","title":{"rendered":"Om Oss"},"content":{"rendered":"<figure class=\"wp-block-gallery has-nested-images columns-default is-cropped wp-block-gallery-1 is-layout-flex wp-block-gallery-is-layout-flex\">\n<figure class=\"wp-block-image size-large\"><img loading=\"lazy\" decoding=\"async\" width=\"2500\" height=\"1494\" data-id=\"879\" src=\"https:\/\/swedishcoursesonline.se\/wp-content\/uploads\/2022\/11\/interlanguage-15.jpg\" alt=\"The InterLanguage team and the Swedish teachers\" class=\"wp-image-879\"\/><\/figure>\n<\/figure>\n\n\n\n<p>Spr\u00e5kcentret InterLanguage har funnits i drygt 20 \u00e5r.<\/p>\n\n\n\n<p>Skolan har kommit att fr\u00e4mst specialisera sig p\u00e5 svenskundervisning.<\/p>\n\n\n\n<p>Till dags dato har vi genomf\u00f6rt mer \u00e4n 160 svenskkurser och elever fr\u00e5n \u00f6ver 30 l\u00e4nder har g\u00e5tt p\u00e5 dessa kurser.<\/p>\n\n\n\n<p>P\u00e5 Spr\u00e5kcentret InterLanguage kan man studera 38 olika spr\u00e5k, f\u00f6rmedlade p\u00e5 olika spr\u00e5k. Under mer \u00e4n ett och ett halvt \u00e5rtionde har elever fr\u00e5n 70 olika l\u00e4nder studerat olika spr\u00e5k i sm\u00e5grupper eller individuellt. Vi erbjuder kurser fr\u00e5n nyb\u00f6rjarniv\u00e5 upp till avancerad niv\u00e5 och vid sidan av allm\u00e4nna spr\u00e5kkunskaper tillhandah\u00e5ller vi olika sorters fackspr\u00e5k.<\/p>\n\n\n\n<figure class=\"wp-block-gallery has-nested-images columns-default is-cropped wp-block-gallery-2 is-layout-flex wp-block-gallery-is-layout-flex\">\n<figure class=\"wp-block-image size-large\"><img loading=\"lazy\" decoding=\"async\" width=\"2500\" height=\"1663\" data-id=\"1092\" src=\"https:\/\/swedishcoursesonline.se\/wp-content\/uploads\/2023\/04\/interlanguage-26.jpg\" alt=\"The InterLanguage team sitting on a couch on the wall behind there is a world map\" class=\"wp-image-1092\" srcset=\"https:\/\/swedishcoursesonline.se\/wp-content\/uploads\/2023\/04\/interlanguage-26.jpg 2500w, https:\/\/swedishcoursesonline.se\/wp-content\/uploads\/2023\/04\/interlanguage-26-768x511.jpg 768w, https:\/\/swedishcoursesonline.se\/wp-content\/uploads\/2023\/04\/interlanguage-26-1536x1022.jpg 1536w, https:\/\/swedishcoursesonline.se\/wp-content\/uploads\/2023\/04\/interlanguage-26-2048x1362.jpg 2048w, https:\/\/swedishcoursesonline.se\/wp-content\/uploads\/2023\/04\/interlanguage-26-18x12.jpg 18w, https:\/\/swedishcoursesonline.se\/wp-content\/uploads\/2023\/04\/interlanguage-26-90x60.jpg 90w\" sizes=\"auto, (max-width: 2500px) 100vw, 2500px\" \/><\/figure>\n\n\n\n<figure class=\"wp-block-image size-large\"><img loading=\"lazy\" decoding=\"async\" width=\"1663\" height=\"1663\" data-id=\"1128\" src=\"https:\/\/swedishcoursesonline.se\/wp-content\/uploads\/2023\/04\/interlanguage-73-1-edited.jpg\" alt=\"The director of the InterLanguage Language School\" class=\"wp-image-1128\" srcset=\"https:\/\/swedishcoursesonline.se\/wp-content\/uploads\/2023\/04\/interlanguage-73-1-edited.jpg 1663w, https:\/\/swedishcoursesonline.se\/wp-content\/uploads\/2023\/04\/interlanguage-73-1-edited-768x768.jpg 768w, https:\/\/swedishcoursesonline.se\/wp-content\/uploads\/2023\/04\/interlanguage-73-1-edited-1536x1536.jpg 1536w, https:\/\/swedishcoursesonline.se\/wp-content\/uploads\/2023\/04\/interlanguage-73-1-edited-12x12.jpg 12w, https:\/\/swedishcoursesonline.se\/wp-content\/uploads\/2023\/04\/interlanguage-73-1-edited-370x370.jpg 370w, https:\/\/swedishcoursesonline.se\/wp-content\/uploads\/2023\/04\/interlanguage-73-1-edited-60x60.jpg 60w\" sizes=\"auto, (max-width: 1663px) 100vw, 1663px\" \/><\/figure>\n\n\n\n<figure class=\"wp-block-image size-large\"><img loading=\"lazy\" decoding=\"async\" width=\"2500\" height=\"1663\" data-id=\"1091\" src=\"https:\/\/swedishcoursesonline.se\/wp-content\/uploads\/2023\/04\/interlanguage-17.jpg\" alt=\"The Swedish teachers standing on a spiral staircase\" class=\"wp-image-1091\" srcset=\"https:\/\/swedishcoursesonline.se\/wp-content\/uploads\/2023\/04\/interlanguage-17.jpg 2500w, https:\/\/swedishcoursesonline.se\/wp-content\/uploads\/2023\/04\/interlanguage-17-768x511.jpg 768w, https:\/\/swedishcoursesonline.se\/wp-content\/uploads\/2023\/04\/interlanguage-17-1536x1022.jpg 1536w, https:\/\/swedishcoursesonline.se\/wp-content\/uploads\/2023\/04\/interlanguage-17-2048x1362.jpg 2048w, https:\/\/swedishcoursesonline.se\/wp-content\/uploads\/2023\/04\/interlanguage-17-18x12.jpg 18w, https:\/\/swedishcoursesonline.se\/wp-content\/uploads\/2023\/04\/interlanguage-17-90x60.jpg 90w\" sizes=\"auto, (max-width: 2500px) 100vw, 2500px\" \/><\/figure>\n<\/figure>\n\n\n\n<h4 class=\"wp-block-heading\">Mer om oss<\/h4>\n\n\n\n<p>Vi \u00e4r stolta \u00f6ver att ha utvecklat v\u00e5ra m\u00e5linriktade kurser i medicinsk svenska. De g\u00f6r det m\u00f6jligt f\u00f6r v\u00e5ra kursdeltagare att effektivt till\u00e4gna sig svenska p\u00e5 C1-niv\u00e5 och kunna fungera p\u00e5 ett bra s\u00e4tt fr\u00e5n dag 1 p\u00e5 en svensk arbetsplats i den svenska v\u00e5rden.<\/p>\n\n\n\n<p>Vi \u00e4r \u00e4ven glada och stolta \u00f6ver att det intyg p\u00e5 C1-niv\u00e5 som vi utf\u00e4rdar accepteras av Socialstyrelsen som bevis p\u00e5 att f\u00f6rv\u00e4ntad spr\u00e5kniv\u00e5 uppn\u00e5tts n\u00e4r utl\u00e4ndsk v\u00e5rdpersonal ans\u00f6ker om svensk legitimation.<\/p>\n\n\n\n<p>Vi str\u00e4var i alla v\u00e5ra kurser efter att erbjuda flexibla studiem\u00f6jligheter, f\u00f6r att maximalt m\u00e5linriktat kunna tillvarata kursdeltagarnas m\u00f6jligheter och anpassa kurserna utifr\u00e5n deras behov.<\/p>\n\n\n\n<p>Administrationsteamet och l\u00e4rarna p\u00e5 v\u00e5r spr\u00e5kskola g\u00f6r sitt b\u00e4sta f\u00f6r att erbjuda v\u00e4lorganiserade, elevv\u00e4nliga och professionella <a href=\"https:\/\/swedishcoursesonline.se\/sv\/about-our-courses\/(opens in a new tab)\/\">spr\u00e5kkurser<\/a>.<\/p>\n\n\n\n<figure class=\"wp-block-gallery has-nested-images columns-default is-cropped wp-block-gallery-3 is-layout-flex wp-block-gallery-is-layout-flex\">\n<figure class=\"wp-block-image size-large\"><img loading=\"lazy\" decoding=\"async\" width=\"2500\" height=\"1663\" data-id=\"1054\" src=\"https:\/\/swedishcoursesonline.se\/wp-content\/uploads\/2023\/04\/interlanguage-90.jpg\" alt=\"Colleague of the InterLanguage Language School during work\" class=\"wp-image-1054\" srcset=\"https:\/\/swedishcoursesonline.se\/wp-content\/uploads\/2023\/04\/interlanguage-90.jpg 2500w, https:\/\/swedishcoursesonline.se\/wp-content\/uploads\/2023\/04\/interlanguage-90-768x511.jpg 768w, https:\/\/swedishcoursesonline.se\/wp-content\/uploads\/2023\/04\/interlanguage-90-1536x1022.jpg 1536w, https:\/\/swedishcoursesonline.se\/wp-content\/uploads\/2023\/04\/interlanguage-90-2048x1362.jpg 2048w, https:\/\/swedishcoursesonline.se\/wp-content\/uploads\/2023\/04\/interlanguage-90-18x12.jpg 18w, https:\/\/swedishcoursesonline.se\/wp-content\/uploads\/2023\/04\/interlanguage-90-90x60.jpg 90w\" sizes=\"auto, (max-width: 2500px) 100vw, 2500px\" \/><\/figure>\n\n\n\n<figure class=\"wp-block-image size-large\"><img loading=\"lazy\" decoding=\"async\" width=\"2500\" height=\"1663\" data-id=\"1055\" src=\"https:\/\/swedishcoursesonline.se\/wp-content\/uploads\/2023\/04\/interlanguage-81.jpg\" alt=\"Colleague of the InterLanguage Language School during work\" class=\"wp-image-1055\" srcset=\"https:\/\/swedishcoursesonline.se\/wp-content\/uploads\/2023\/04\/interlanguage-81.jpg 2500w, https:\/\/swedishcoursesonline.se\/wp-content\/uploads\/2023\/04\/interlanguage-81-768x511.jpg 768w, https:\/\/swedishcoursesonline.se\/wp-content\/uploads\/2023\/04\/interlanguage-81-1536x1022.jpg 1536w, https:\/\/swedishcoursesonline.se\/wp-content\/uploads\/2023\/04\/interlanguage-81-2048x1362.jpg 2048w, https:\/\/swedishcoursesonline.se\/wp-content\/uploads\/2023\/04\/interlanguage-81-18x12.jpg 18w, https:\/\/swedishcoursesonline.se\/wp-content\/uploads\/2023\/04\/interlanguage-81-90x60.jpg 90w\" sizes=\"auto, (max-width: 2500px) 100vw, 2500px\" \/><\/figure>\n\n\n\n<figure class=\"wp-block-image size-large\"><img loading=\"lazy\" decoding=\"async\" width=\"2500\" height=\"1663\" data-id=\"1053\" src=\"https:\/\/swedishcoursesonline.se\/wp-content\/uploads\/2023\/04\/interlanguage-83.jpg\" alt=\"Colleague of the InterLanguage Language School during work\" class=\"wp-image-1053\" srcset=\"https:\/\/swedishcoursesonline.se\/wp-content\/uploads\/2023\/04\/interlanguage-83.jpg 2500w, https:\/\/swedishcoursesonline.se\/wp-content\/uploads\/2023\/04\/interlanguage-83-768x511.jpg 768w, https:\/\/swedishcoursesonline.se\/wp-content\/uploads\/2023\/04\/interlanguage-83-1536x1022.jpg 1536w, https:\/\/swedishcoursesonline.se\/wp-content\/uploads\/2023\/04\/interlanguage-83-2048x1362.jpg 2048w, https:\/\/swedishcoursesonline.se\/wp-content\/uploads\/2023\/04\/interlanguage-83-18x12.jpg 18w, https:\/\/swedishcoursesonline.se\/wp-content\/uploads\/2023\/04\/interlanguage-83-90x60.jpg 90w\" sizes=\"auto, (max-width: 2500px) 100vw, 2500px\" \/><\/figure>\n<\/figure>","protected":false},"excerpt":{"rendered":"<p>Spr\u00e5kcentret InterLanguage har funnits i drygt 20 \u00e5r.<br \/>\nSkolan har kommit att fr\u00e4mst specialisera sig p\u00e5 svenskundervisning.<br \/>\nVi har organiserat mer \u00e4n 160 svenskkurser och f\u00f6r elever fr\u00e5n \u00f6ver 30 l\u00e4nder.<\/p>","protected":false},"author":1,"featured_media":680,"parent":0,"menu_order":0,"comment_status":"closed","ping_status":"closed","template":"","meta":{"_monsterinsights_skip_tracking":false,"_monsterinsights_sitenote_active":false,"_monsterinsights_sitenote_note":"","_monsterinsights_sitenote_category":0,"footnotes":"","_links_to":"","_links_to_target":""},"class_list":["post-834","page","type-page","status-publish","has-post-thumbnail","hentry","latest_post"],"_links":{"self":[{"href":"https:\/\/swedishcoursesonline.se\/sv\/wp-json\/wp\/v2\/pages\/834","targetHints":{"allow":["GET"]}}],"collection":[{"href":"https:\/\/swedishcoursesonline.se\/sv\/wp-json\/wp\/v2\/pages"}],"about":[{"href":"https:\/\/swedishcoursesonline.se\/sv\/wp-json\/wp\/v2\/types\/page"}],"author":[{"embeddable":true,"href":"https:\/\/swedishcoursesonline.se\/sv\/wp-json\/wp\/v2\/users\/1"}],"replies":[{"embeddable":true,"href":"https:\/\/swedishcoursesonline.se\/sv\/wp-json\/wp\/v2\/comments?post=834"}],"version-history":[{"count":19,"href":"https:\/\/swedishcoursesonline.se\/sv\/wp-json\/wp\/v2\/pages\/834\/revisions"}],"predecessor-version":[{"id":1435,"href":"https:\/\/swedishcoursesonline.se\/sv\/wp-json\/wp\/v2\/pages\/834\/revisions\/1435"}],"wp:featuredmedia":[{"embeddable":true,"href":"https:\/\/swedishcoursesonline.se\/sv\/wp-json\/wp\/v2\/media\/680"}],"wp:attachment":[{"href":"https:\/\/swedishcoursesonline.se\/sv\/wp-json\/wp\/v2\/media?parent=834"}],"curies":[{"name":"wp","href":"https:\/\/api.w.org\/{rel}","templated":true}]}}