{"id":819,"date":"2022-11-20T14:51:30","date_gmt":"2022-11-20T14:51:30","guid":{"rendered":"https:\/\/swedishcoursesonline.se\/?page_id=819"},"modified":"2024-06-06T11:55:11","modified_gmt":"2024-06-06T10:55:11","slug":"why-should-you-choose-us-3","status":"publish","type":"page","link":"https:\/\/swedishcoursesonline.se\/sv\/varfor-ska-du-valja-oss-3\/","title":{"rendered":"Varf\u00f6r v\u00e4lja oss?"},"content":{"rendered":"<figure class=\"wp-block-image size-large\"><img loading=\"lazy\" decoding=\"async\" width=\"3000\" height=\"2001\" src=\"https:\/\/swedishcoursesonline.se\/wp-content\/uploads\/2023\/01\/shutterstock_2190599767-3000x2001.jpg\" alt=\"Swedish online learning in comfortable environment\" class=\"wp-image-936\" srcset=\"https:\/\/swedishcoursesonline.se\/wp-content\/uploads\/2023\/01\/shutterstock_2190599767-3000x2001.jpg 3000w, https:\/\/swedishcoursesonline.se\/wp-content\/uploads\/2023\/01\/shutterstock_2190599767-768x512.jpg 768w, https:\/\/swedishcoursesonline.se\/wp-content\/uploads\/2023\/01\/shutterstock_2190599767-1536x1025.jpg 1536w, https:\/\/swedishcoursesonline.se\/wp-content\/uploads\/2023\/01\/shutterstock_2190599767-2048x1366.jpg 2048w, https:\/\/swedishcoursesonline.se\/wp-content\/uploads\/2023\/01\/shutterstock_2190599767-18x12.jpg 18w, https:\/\/swedishcoursesonline.se\/wp-content\/uploads\/2023\/01\/shutterstock_2190599767-90x60.jpg 90w\" sizes=\"auto, (max-width: 3000px) 100vw, 3000px\" \/><\/figure>\n\n\n\n<h4 class=\"wp-block-heading has-text-align-center\"><strong>Kursstart enligt \u00f6verenskommelse och flexibelt lagda scheman<\/strong><\/h4>\n\n\n\n<h5 class=\"wp-block-heading\"><strong>Du kan v\u00e4lja:<\/strong><\/h5>\n\n\n\n<h5 class=\"wp-block-heading\"><strong>- n\u00e4r du vill b\u00f6rja studera svenska.<\/strong><\/h5>\n\n\n\n<p>V\u00e5ra svenskkurser startar l\u00f6pande under hela \u00e5ret. Du kan b\u00f6rja studera hos oss n\u00e4r du vill och v\u00e4lja n\u00e4r du p\u00e5b\u00f6rjar din utbildning.<\/p>\n\n\n\n<p>Om det handlar om individuella kurser s\u00e5 kan de starta inom 10 dagar fr\u00e5n att du har skrivit in dig.<\/p>\n\n\n\n<p>&nbsp;Om du vill studera i en liten grupp (med maximalt 4 deltagare) startar kursen s\u00e5 fort som det finns tillr\u00e4ckligt m\u00e5nga kursdeltagare.<\/p>\n\n\n\n<h5 class=\"wp-block-heading\"><strong>-  hur intensivt du vill studera<\/strong><\/h5>\n\n\n\n<p>Vi l\u00e4gger ditt veckoschema s\u00e5 det passar dina behov.<\/p>\n\n\n\n<p>Man kan studera maximalt 25 timmar\/vecka och minimalt 2 timmar\/vecka. Tillsammans kommer vi fram till det timantal som passar dig b\u00e4st.<\/p>\n\n\n\n<h5 class=\"wp-block-heading\"><strong>- vilka tider du vill ha lektioner i svenska<\/strong><\/h5>\n\n\n\n<p>Kursschemat s\u00e4tts ihop utifr\u00e5n n\u00e4r du har tid att delta i lektioner.<\/p>\n\n\n\n<p>Innan en kurs drar ig\u00e5ng talar vi igenom om du vill ha ett stabilt schema, eller om ett mer flexibelt schema som varierar fr\u00e5n vecka till vecka passar dig b\u00e4ttre.<\/p>\n\n\n\n<p>Om du exempelvis arbetar best\u00e4mda tider och vill l\u00e4ra dig svenska kan vi erbjuda fasta tider p\u00e5 de dagar som passar dig b\u00e4st.<\/p>\n\n\n\n<p>Men om du till exempel arbetar inom v\u00e5rden och har arbetstider som varierar, d\u00e5 rekommenderar vi att du v\u00e4ljer v\u00e5r mest flexibla kurs som g\u00f6r det m\u00f6jligt f\u00f6r dig att forma ditt schema annorlunda varje vecka.<\/p>\n\n\n\n<p>Om du studerar l\u00e4gger vi svensklektionerna s\u00e5 att de p\u00e5 ett idealiskt s\u00e4tt fungerar med ditt \u00f6vriga studieschema. Det \u00e4r m\u00f6jligt att, under perioder med m\u00e5nga prov p\u00e5 universitet eller h\u00f6gskola, \u00e4ndra kurstempot eller att ta en paus i svenskstudierna.<\/p>","protected":false},"excerpt":{"rendered":"<p>Flexible starting dates and class schedules to meet your needs You can choose: &#8211; when you want to start the Swedish language course We launch our courses continually throughout the year. You can join us anytime and choose the time when you want to start your training. In the case of our individual courses, you &hellip; <\/p>","protected":false},"author":1,"featured_media":0,"parent":0,"menu_order":0,"comment_status":"closed","ping_status":"closed","template":"","meta":{"_monsterinsights_skip_tracking":false,"_monsterinsights_sitenote_active":false,"_monsterinsights_sitenote_note":"","_monsterinsights_sitenote_category":0,"footnotes":"","_links_to":"","_links_to_target":""},"class_list":["post-819","page","type-page","status-publish","hentry","latest_post"],"_links":{"self":[{"href":"https:\/\/swedishcoursesonline.se\/sv\/wp-json\/wp\/v2\/pages\/819","targetHints":{"allow":["GET"]}}],"collection":[{"href":"https:\/\/swedishcoursesonline.se\/sv\/wp-json\/wp\/v2\/pages"}],"about":[{"href":"https:\/\/swedishcoursesonline.se\/sv\/wp-json\/wp\/v2\/types\/page"}],"author":[{"embeddable":true,"href":"https:\/\/swedishcoursesonline.se\/sv\/wp-json\/wp\/v2\/users\/1"}],"replies":[{"embeddable":true,"href":"https:\/\/swedishcoursesonline.se\/sv\/wp-json\/wp\/v2\/comments?post=819"}],"version-history":[{"count":8,"href":"https:\/\/swedishcoursesonline.se\/sv\/wp-json\/wp\/v2\/pages\/819\/revisions"}],"predecessor-version":[{"id":1349,"href":"https:\/\/swedishcoursesonline.se\/sv\/wp-json\/wp\/v2\/pages\/819\/revisions\/1349"}],"wp:attachment":[{"href":"https:\/\/swedishcoursesonline.se\/sv\/wp-json\/wp\/v2\/media?parent=819"}],"curies":[{"name":"wp","href":"https:\/\/api.w.org\/{rel}","templated":true}]}}