{"id":785,"date":"2022-11-20T14:00:30","date_gmt":"2022-11-20T14:00:30","guid":{"rendered":"https:\/\/swedishcoursesonline.se\/?page_id=785"},"modified":"2024-04-02T14:50:55","modified_gmt":"2024-04-02T13:50:55","slug":"785-2","status":"publish","type":"page","link":"https:\/\/swedishcoursesonline.se\/sv\/785-2\/","title":{"rendered":"V\u00e4lj v\u00e5ra svenskkurser!"},"content":{"rendered":"<figure class=\"wp-block-image size-full\"><img loading=\"lazy\" decoding=\"async\" width=\"2560\" height=\"1512\" src=\"https:\/\/swedishcoursesonline.se\/wp-content\/uploads\/2023\/01\/shutterstock_1552227194-scaled.jpg\" alt=\"Three people sitting on a rock behind them there is a city\" class=\"wp-image-943\" srcset=\"https:\/\/swedishcoursesonline.se\/wp-content\/uploads\/2023\/01\/shutterstock_1552227194-scaled.jpg 2560w, https:\/\/swedishcoursesonline.se\/wp-content\/uploads\/2023\/01\/shutterstock_1552227194-768x454.jpg 768w, https:\/\/swedishcoursesonline.se\/wp-content\/uploads\/2023\/01\/shutterstock_1552227194-1536x907.jpg 1536w, https:\/\/swedishcoursesonline.se\/wp-content\/uploads\/2023\/01\/shutterstock_1552227194-2048x1209.jpg 2048w, https:\/\/swedishcoursesonline.se\/wp-content\/uploads\/2023\/01\/shutterstock_1552227194-18x12.jpg 18w, https:\/\/swedishcoursesonline.se\/wp-content\/uploads\/2023\/01\/shutterstock_1552227194-102x60.jpg 102w\" sizes=\"auto, (max-width: 2560px) 100vw, 2560px\" \/><\/figure>\n\n\n\n<h4 class=\"wp-block-heading has-text-align-center\"><strong>Vi l\u00e4gger allra st\u00f6rst vikt p\u00e5 att de som studerar hos oss f\u00e5r individuell uppm\u00e4rksamhet.<\/strong><\/h4>\n\n\n\n<p>V\u00e5ra undervisande l\u00e4rare g\u00f6r allt f\u00f6r att kursdeltagarna verkligen ska till\u00e4gna sig studiematerialet och l\u00e4ra sig svenska.\nD\u00e4rf\u00f6r l\u00e4gger vi v\u00e4ldigt mycket tid p\u00e5 att \u00f6va det inl\u00e4rda materialet och att anv\u00e4nda det i muntlig och skriftlig kommunikation. Regelbundna repetitioner \u00e4r ocks\u00e5 en del av kurserna.<\/p>\n\n\n\n<p class=\"has-text-align-center\"><strong>Hur fungerar det i praktiken?<\/strong><\/p>\n\n\n\n<p>P\u00e5 lektionerna f\u00e5r varje kursdeltagare m\u00f6jlighet att \u00f6va sig p\u00e5 att tala svenska i olika kommunikationsuppgifter som l\u00e4raren f\u00f6ljer och ger \u00e5terkoppling p\u00e5.<\/p>\n\n\n\n<p>Vi f\u00f6ljer alla kursdeltagares spr\u00e5kliga utveckling n\u00e4r hemuppgifter kontrolleras och genom arbetet p\u00e5 lektionerna.<\/p>\n\n\n\n<p>Om en kursdeltagare beh\u00f6ver extra hj\u00e4lp eller \u00f6vning bygger vi in det p\u00e5 lektionerna eller ger extra hemuppgifter s\u00e5 att man kan \u00f6va p\u00e5 det som \u00e4r sv\u00e5rt.<\/p>\n\n\n\n<p>Vi anpassar oss till kursdeltagarnas studierytm.<\/p>\n\n\n\n<p>Om man studerar individuellt anpassar vi lektionerna och studietempot helt till kursdeltagarens studierytm.<\/p>\n\n\n\n<p>I mindre grupper erbjuds de som utvecklas l\u00e5ngsammare extra \u00f6vningslektioner.<\/p>\n\n\n\n<p>V\u00e5ra spr\u00e5kstudenter f\u00e5r kontinuerlig \u00e5terkoppling fr\u00e5n l\u00e4rarna om hur det g\u00e5r f\u00f6r dem att till\u00e4gna sig svenska.<\/p>\n\n\n\n<p>De undervisande l\u00e4rarna lyssnar alltid p\u00e5 kursdeltagarnas fr\u00e5gor och f\u00f6rs\u00f6ker tillm\u00f6tesg\u00e5 deras \u00f6nskem\u00e5l under kursens g\u00e5ng.<\/p>\n\n\n\n<p class=\"translation-block\"><strong><mark class=\"has-inline-color has-black-color\">L\u00e4s mer <a href=\"https:\/\/swedishcoursesonline.se\/sv\/om-vara-kurser\/\" target=\"_self\">h\u00e4r<\/a>!<\/mark><\/strong><\/p>","protected":false},"excerpt":{"rendered":"<p>We at InterLanguage Language Center believe it is essential that teachers pay personal attention to each of our Swedish language learners. Our instructors do their best to ensure that course participants learn the course material and effectively develop the necessary language skills. Therefore, we spend plenty of time on practicing the newly taught material both &hellip; <\/p>","protected":false},"author":1,"featured_media":0,"parent":0,"menu_order":0,"comment_status":"closed","ping_status":"closed","template":"","meta":{"_monsterinsights_skip_tracking":false,"_monsterinsights_sitenote_active":false,"_monsterinsights_sitenote_note":"","_monsterinsights_sitenote_category":0,"footnotes":"","_links_to":"","_links_to_target":""},"class_list":["post-785","page","type-page","status-publish","hentry","latest_post"],"_links":{"self":[{"href":"https:\/\/swedishcoursesonline.se\/sv\/wp-json\/wp\/v2\/pages\/785","targetHints":{"allow":["GET"]}}],"collection":[{"href":"https:\/\/swedishcoursesonline.se\/sv\/wp-json\/wp\/v2\/pages"}],"about":[{"href":"https:\/\/swedishcoursesonline.se\/sv\/wp-json\/wp\/v2\/types\/page"}],"author":[{"embeddable":true,"href":"https:\/\/swedishcoursesonline.se\/sv\/wp-json\/wp\/v2\/users\/1"}],"replies":[{"embeddable":true,"href":"https:\/\/swedishcoursesonline.se\/sv\/wp-json\/wp\/v2\/comments?post=785"}],"version-history":[{"count":14,"href":"https:\/\/swedishcoursesonline.se\/sv\/wp-json\/wp\/v2\/pages\/785\/revisions"}],"predecessor-version":[{"id":1313,"href":"https:\/\/swedishcoursesonline.se\/sv\/wp-json\/wp\/v2\/pages\/785\/revisions\/1313"}],"wp:attachment":[{"href":"https:\/\/swedishcoursesonline.se\/sv\/wp-json\/wp\/v2\/media?parent=785"}],"curies":[{"name":"wp","href":"https:\/\/api.w.org\/{rel}","templated":true}]}}