{"id":1352,"date":"2024-08-05T09:04:14","date_gmt":"2024-08-05T08:04:14","guid":{"rendered":"https:\/\/swedishcoursesonline.se\/?page_id=1352"},"modified":"2026-01-22T14:28:53","modified_gmt":"2026-01-22T13:28:53","slug":"swedex","status":"publish","type":"page","link":"https:\/\/swedishcoursesonline.se\/sv\/swedex\/","title":{"rendered":"Swedex"},"content":{"rendered":"<p><strong>Great news!<\/strong><\/p>\n\n\n\n<p class=\"translation-block\">V\u00e5r spr\u00e5kskola har blivit ett Swedex-examinationscenter!\nFr\u00e5n och med andra halv\u00e5ret 2024 kommer vi att erbjuda Swedex-examinationer p\u00e5 b\u00e5de A2\/B1- och B2\/C1-niv\u00e5.<\/p>\n\n\n\n<p><strong>Vi \u00e4r glada att kunna meddela att v\u00e5r spr\u00e5kskola har blivit ett Swedex-examenscenter!<\/strong><\/p>\n\n\n\n<p>Swedex \u00e4r en internationell spr\u00e5kexamen i svenska som utg\u00e5r fr\u00e5n den gemensamma europeiska referensramen f\u00f6r spr\u00e5k (CEFR) och finns i tv\u00e5 versioner: A2\/B1 och B2\/C1.<br>Ett Swedex-certifikat kan erh\u00e5llas fr\u00e5n niv\u00e5 A1 till C1 beroende p\u00e5 provresultatet.<br>Provet utv\u00e4rderar alla spr\u00e5kliga f\u00e4rdigheter (l\u00e4sf\u00f6rst\u00e5else, h\u00f6rf\u00f6rst\u00e5else, att skriva och tala) samt grammatik och ordf\u00f6rr\u00e5d.<\/p>\n\n\n\n<p>Datum f\u00f6r kommande Swedex-prov meddelas p\u00e5 v\u00e5r webbplats n\u00e5gra m\u00e5nader innan de \u00e4ger rum.<\/p>\n\n\n\n<p>Anm\u00e4lan till provet \u00e4r inte beroende av deltagande i en spr\u00e5kkurs.<\/p>\n\n\n\n<figure class=\"wp-block-table\"><table class=\"has-fixed-layout\"><tbody><tr><td>Provdatum<\/td><td>Sista anm\u00e4lningsdag<\/td><td>Niv\u00e5<\/td><\/tr><tr><td>13 mars 2026 (Fredag)<\/td><td>27 februari 2026 (Fredag)<\/td><td>A2\/B1 och B2\/C1<\/td><\/tr><tr><td>5 juni 2026 (Fredag)<\/td><td>22 maj 2026 (Fredag)<\/td><td>A2\/B1 och B2\/C1<\/td><\/tr><\/tbody><\/table><\/figure>\n\n\n\n<p>Exam location: 1056 Budapest, V\u00e1ci utca 47.<br>Avgifter f\u00f6r proven:<br>A2\/B1-niv\u00e5: 270 EUR<br>B2\/C1-niv\u00e5: 320 EUR<\/p>\n\n\n\n<p>Om du beh\u00f6ver en viss niv\u00e5 f\u00f6r alla provkomponenter och inte har uppn\u00e5tt den f\u00f6r en av komponenterna, kan du g\u00f6ra om just den komponenten i st\u00e4llet f\u00f6r hela provet.<\/p>\n\n\n\n<p>Kostnaden f\u00f6r den partiella tentamen:<br>A2\/B1-niv\u00e5: 125 EUR<br>B2\/C1-niv\u00e5: 150 EUR<\/p>\n\n\n\n<p>Vill du f\u00e5 hj\u00e4lp f\u00f6r att f\u00f6rbereda dig inf\u00f6r Swedex-provet? Anm\u00e4l dig till v\u00e5r spr\u00e5kskolas f\u00f6rberedande kurser!<\/p>\n\n\n\n<p>Vi erbjuder f\u00f6rberedelsekurser f\u00f6r Swedex-provet b\u00e5de online och i fysiska m\u00f6ten.<br>V\u00e5ra onlinekurser genomf\u00f6rs p\u00e5 en digital plattform som \u00f6verenskommits med deltagaren\/deltagarna.<br>Kurser i klassrum h\u00e5lls p\u00e5 v\u00e5r centrala skola i centrala Budapest.<br>V\u00e5ra f\u00f6rberedelsekurser f\u00f6r Swedex-provet erbjuds kontinuerligt under hela \u00e5ret i form av individuella sessioner eller sessioner i minigrupp (2 deltagare).<br>En f\u00f6rberedelsekurs f\u00f6r ett Swedex-prov best\u00e5r av 10 lektioner (10 x 45 minuter). P\u00e5 den h\u00e4r kursen f\u00f6rbereds du b\u00e5de f\u00f6r den muntliga och den skriftliga delen av provet.<br>Schemat f\u00f6r spr\u00e5kkurserna skr\u00e4ddarsys alltid f\u00f6r att tillgodose deltagarnas behov.<br>Vi erbjuder f\u00f6rberedelsekurser f\u00f6r Swedex-examen p\u00e5 f\u00f6ljande niv\u00e5er:<br>\u2013 A2\/B1<br>\u2013 B2\/C1<br><\/p>\n\n\n\n<p>Anm\u00e4l dig nu och f\u00f6rbered dig f\u00f6r Swedex-provet med oss!<\/p>\n\n\n\n<p><\/p>","protected":false},"excerpt":{"rendered":"<p>Great news! Our language school has become a&nbsp;Swedex&nbsp;examination center!Starting from the second half of 2024, we will offer Swedex examinations at both A2\/B1 and B2\/C1 proficiency levels. We are pleased to announce that our language school has become a Swedex examination center exclusively in Hungary! Swedex is an international Swedish language exam based on the &hellip; <\/p>","protected":false},"author":1,"featured_media":0,"parent":0,"menu_order":0,"comment_status":"closed","ping_status":"closed","template":"","meta":{"_monsterinsights_skip_tracking":false,"_monsterinsights_sitenote_active":false,"_monsterinsights_sitenote_note":"","_monsterinsights_sitenote_category":0,"footnotes":"","_links_to":"","_links_to_target":""},"class_list":["post-1352","page","type-page","status-publish","hentry","latest_post"],"_links":{"self":[{"href":"https:\/\/swedishcoursesonline.se\/sv\/wp-json\/wp\/v2\/pages\/1352","targetHints":{"allow":["GET"]}}],"collection":[{"href":"https:\/\/swedishcoursesonline.se\/sv\/wp-json\/wp\/v2\/pages"}],"about":[{"href":"https:\/\/swedishcoursesonline.se\/sv\/wp-json\/wp\/v2\/types\/page"}],"author":[{"embeddable":true,"href":"https:\/\/swedishcoursesonline.se\/sv\/wp-json\/wp\/v2\/users\/1"}],"replies":[{"embeddable":true,"href":"https:\/\/swedishcoursesonline.se\/sv\/wp-json\/wp\/v2\/comments?post=1352"}],"version-history":[{"count":8,"href":"https:\/\/swedishcoursesonline.se\/sv\/wp-json\/wp\/v2\/pages\/1352\/revisions"}],"predecessor-version":[{"id":1441,"href":"https:\/\/swedishcoursesonline.se\/sv\/wp-json\/wp\/v2\/pages\/1352\/revisions\/1441"}],"wp:attachment":[{"href":"https:\/\/swedishcoursesonline.se\/sv\/wp-json\/wp\/v2\/media?parent=1352"}],"curies":[{"name":"wp","href":"https:\/\/api.w.org\/{rel}","templated":true}]}}